{"id":987503325,"date":"2017-09-18T14:31:52","date_gmt":"2017-09-18T20:31:52","guid":{"rendered":"https:\/\/themislegalcr.com\/contacto\/"},"modified":"2025-09-22T12:06:36","modified_gmt":"2025-09-22T18:06:36","slug":"contacto","status":"publish","type":"page","link":"https:\/\/themislegalcr.com\/es\/contacto\/","title":{"rendered":"Contacto"},"content":{"rendered":"<p>[et_pb_section fb_built=\u00bb1&#8243; module_class=\u00bbinterior-header\u00bb _builder_version=\u00bb4.21.0&#8243; background_image=\u00bbhttps:\/\/themislegalcr.com\/file\/2023\/07\/litigation.jpg\u00bb global_colors_info=\u00bb{}\u00bb][et_pb_row _builder_version=\u00bb4.16&#8243; global_colors_info=\u00bb{}\u00bb][et_pb_column type=\u00bb4_4&#8243; _builder_version=\u00bb4.16&#8243; background_position=\u00bbtop_left\u00bb custom_padding=\u00bb|||\u00bb global_colors_info=\u00bb{}\u00bb custom_padding__hover=\u00bb|||\u00bb][et_pb_text admin_label=\u00bbHeader\u00bb _builder_version=\u00bb4.16&#8243; background_layout=\u00bbdark\u00bb global_colors_info=\u00bb{}\u00bb]<\/p>\n<h1>Cont\u00e1ctenos<\/h1>\n<p>[\/et_pb_text][\/et_pb_column][\/et_pb_row][\/et_pb_section][et_pb_section fb_built=\u00bb1&#8243; _builder_version=\u00bb4.16&#8243; custom_padding=\u00bb50px||50px|\u00bb global_colors_info=\u00bb{}\u00bb][et_pb_row column_structure=\u00bb1_2,1_2&#8243; use_custom_gutter=\u00bbon\u00bb gutter_width=\u00bb3&#8243; module_class=\u00bbcontact-form-row\u00bb _builder_version=\u00bb4.16&#8243; global_colors_info=\u00bb{}\u00bb][et_pb_column type=\u00bb1_2&#8243; _builder_version=\u00bb4.16&#8243; background_position=\u00bbtop_left\u00bb custom_padding=\u00bb|||\u00bb global_colors_info=\u00bb{}\u00bb custom_padding__hover=\u00bb|||\u00bb][et_pb_text module_class=\u00bbcontact-text\u00bb _builder_version=\u00bb4.24.3&#8243; global_colors_info=\u00bb{}\u00bb]<\/p>\n<h1>Escr\u00edbanos<\/h1>\n<p>Cont\u00e1ctenos hoy para programar una consulta o hacer cualquier pregunta que pueda tener. Complete el formulario de contacto y nos comunicaremos con usted a la brevedad. Alternativamente, puede comunicarse con nosotros a los n\u00fameros de tel\u00e9fono o al correo electr\u00f3nico que se proporcionan a continuaci\u00f3n.<\/p>\n<p>[\/et_pb_text][et_pb_blurb title=\u00bb+506 7004-4418&#8243; admin_label=\u00bbBlurb &#8211; Office\u00bb module_class=\u00bbcontact-blurb\u00bb _builder_version=\u00bb4.25.2&#8243; max_width_tablet=\u00bb50px\u00bb link_option_url=\u00bbtel:+50647012707&#8243; global_colors_info=\u00bb{}\u00bb]<\/p>\n<p>Tel\u00e9fono<\/p>\n<p>[\/et_pb_blurb][et_pb_blurb title=\u00bbinfo@themislegalcr.com \u00bb url=\u00bbmailto:info@themislegalcr.com\u00bb admin_label=\u00bbBlurb &#8211; Address\u00bb module_class=\u00bbcontact-blurb\u00bb _builder_version=\u00bb4.24.3&#8243; max_width_tablet=\u00bb50px\u00bb global_colors_info=\u00bb{}\u00bb]<\/p>\n<p>Correo<\/p>\n<p>[\/et_pb_blurb][et_pb_blurb title=\u00bbSan Jos\u00e9, Escaz\u00fa, San Rafael, Centro Comercial Trejos Montealegre, piso 2, oficina 6&#8243; admin_label=\u00bbBlurb &#8211; Fax\u00bb module_class=\u00bbcontact-blurb\u00bb _builder_version=\u00bb4.25.2&#8243; max_width_tablet=\u00bb50px\u00bb hover_enabled=\u00bb0&#8243; global_colors_info=\u00bb{}\u00bb sticky_enabled=\u00bb0&#8243;]<\/p>\n<p>Ubicaci\u00f3n<\/p>\n<p>[\/et_pb_blurb][\/et_pb_column][et_pb_column type=\u00bb1_2&#8243; _builder_version=\u00bb4.16&#8243; background_position=\u00bbtop_left\u00bb custom_padding=\u00bb|||\u00bb global_colors_info=\u00bb{}\u00bb custom_padding__hover=\u00bb|||\u00bb][et_pb_code _builder_version=\u00bb4.25.1&#8243; _module_preset=\u00bbdefault\u00bb custom_padding=\u00bb40px|15px||15px|false|true\u00bb border_width_all=\u00bb10px\u00bb border_color_all=\u00bb#E6E6E6&#8243; global_colors_info=\u00bb{}\u00bb]<\/p>\n<div id=\"mf_placeholder\" <!-- [et_pb_line_break_holder] -->     data-formurl=\u00bb\/\/forms.xum.digital\/embed.php?id=29736&#8243; <!-- [et_pb_line_break_holder] -->     data-formheight=\u00bbauto\u00bb  <!-- [et_pb_line_break_holder] -->     data-formtitle=\u00bbThemis Legal\u00bb  <!-- [et_pb_line_break_holder] -->     data-paddingbottom=\u00bb10&#8243;><!-- [et_pb_line_break_holder] --><\/div>\n<p><!-- [et_pb_line_break_holder] --><script><!-- [et_pb_line_break_holder] -->\t(function(f,o,r,m){<!-- [et_pb_line_break_holder] -->\t\tr=f.createElement('script');r.async=1;r.src=o+'js\/mf.js';<!-- [et_pb_line_break_holder] -->\t\tm=f.getElementById('mf_placeholder'); m.parentNode.insertBefore(r, m);<!-- [et_pb_line_break_holder] -->\t})(document,'\/\/forms.xum.digital\/');<!-- [et_pb_line_break_holder] --><\/script>[\/et_pb_code][\/et_pb_column][\/et_pb_row][\/et_pb_section]<\/p>\n","protected":false},"excerpt":{"rendered":"<p>Cont\u00e1ctenos Escr\u00edbanos Cont\u00e1ctenos hoy para programar una consulta o hacer cualquier pregunta que pueda tener. Complete el formulario de contacto y nos comunicaremos con usted a la brevedad. Alternativamente, puede comunicarse con nosotros a los n\u00fameros de tel\u00e9fono o al correo electr\u00f3nico que se proporcionan a continuaci\u00f3n.Tel\u00e9fonoCorreoUbicaci\u00f3n<\/p>\n","protected":false},"author":1,"featured_media":0,"parent":0,"menu_order":0,"comment_status":"closed","ping_status":"closed","template":"","meta":{"_et_pb_use_builder":"on","_et_pb_old_content":"","_et_gb_content_width":"","_joinchat":[],"footnotes":""},"class_list":["post-987503325","page","type-page","status-publish","hentry"],"_links":{"self":[{"href":"https:\/\/themislegalcr.com\/es\/wp-json\/wp\/v2\/pages\/987503325","targetHints":{"allow":["GET"]}}],"collection":[{"href":"https:\/\/themislegalcr.com\/es\/wp-json\/wp\/v2\/pages"}],"about":[{"href":"https:\/\/themislegalcr.com\/es\/wp-json\/wp\/v2\/types\/page"}],"author":[{"embeddable":true,"href":"https:\/\/themislegalcr.com\/es\/wp-json\/wp\/v2\/users\/1"}],"replies":[{"embeddable":true,"href":"https:\/\/themislegalcr.com\/es\/wp-json\/wp\/v2\/comments?post=987503325"}],"version-history":[{"count":6,"href":"https:\/\/themislegalcr.com\/es\/wp-json\/wp\/v2\/pages\/987503325\/revisions"}],"predecessor-version":[{"id":987503437,"href":"https:\/\/themislegalcr.com\/es\/wp-json\/wp\/v2\/pages\/987503325\/revisions\/987503437"}],"wp:attachment":[{"href":"https:\/\/themislegalcr.com\/es\/wp-json\/wp\/v2\/media?parent=987503325"}],"curies":[{"name":"wp","href":"https:\/\/api.w.org\/{rel}","templated":true}]}}